{"id":285,"date":"2020-04-20T10:40:06","date_gmt":"2020-04-20T10:40:06","guid":{"rendered":"https:\/\/demo.themegrill.com\/colormag\/?page_id=285"},"modified":"2020-05-14T09:27:16","modified_gmt":"2020-05-14T09:27:16","slug":"kontakt","status":"publish","type":"page","link":"https:\/\/giftbrand.pl\/blog\/kontakt\/","title":{"rendered":"Kontakt"},"content":{"rendered":"<p>Napisz do nas na adres <a href=\"mailto:kontakt@giftbrand.pl\" class=\"autohyperlink\">kontakt@giftbrand.pl<\/a><\/p>\n<p>Zadzwo\u0144 do nas pod numery:<\/p>\n<p>607 382 099 &#8211; Darek<\/p>\n<p>570 549 500 &#8211; Przemek<\/p>\n<p>\u00a0<\/p>\n<p>W\u0142a\u015bcicielem marki GIFTbrand jest<\/p>\n<p>ELOGO Przemys\u0142aw Ratajczak<\/p>\n<p>ul. Morelowa 9<\/p>\n<p>62-020 Swarz\u0119dz<\/p>\n<p>NIP: 777 251 01 24<\/p>\n\n\n<p><\/p>\n","protected":false},"excerpt":{"rendered":"<p>Napisz do nas na adres <a href=\"mailto:kontakt@giftbrand.pl\" class=\"autohyperlink\">kontakt@giftbrand.pl<\/a> Zadzwo\u0144 do nas pod numery: 607 382 099 &#8211; Darek 570 549 500 &#8211; Przemek \u00a0 W\u0142a\u015bcicielem marki GIFTbrand jest ELOGO Przemys\u0142aw Ratajczak ul. Morelowa 9 62-020 Swarz\u0119dz NIP: 777 251 01 24<\/p>\n","protected":false},"author":2,"featured_media":0,"parent":0,"menu_order":0,"comment_status":"closed","ping_status":"closed","template":"page-templates\/contact.php","meta":[],"yoast_head":"<!-- This site is optimized with the Yoast SEO plugin v14.7 - https:\/\/yoast.com\/wordpress\/plugins\/seo\/ -->\n<title>Kontakt | GIFTbrand - blog o gad\u017cetach<\/title>\n<meta name=\"robots\" content=\"index, follow\" \/>\n<meta name=\"googlebot\" content=\"index, follow, max-snippet:-1, max-image-preview:large, max-video-preview:-1\" \/>\n<meta name=\"bingbot\" content=\"index, follow, max-snippet:-1, max-image-preview:large, max-video-preview:-1\" \/>\n<link rel=\"canonical\" href=\"https:\/\/giftbrand.pl\/blog\/kontakt\/\" \/>\n<meta property=\"og:locale\" content=\"pl_PL\" \/>\n<meta property=\"og:type\" content=\"article\" \/>\n<meta property=\"og:title\" content=\"Kontakt | GIFTbrand - blog o gad\u017cetach\" \/>\n<meta property=\"og:description\" content=\"Napisz do nas na adres kontakt@giftbrand.pl Zadzwo\u0144 do nas pod numery: 607 382 099 &#8211; Darek 570 549 500 &#8211; Przemek \u00a0 W\u0142a\u015bcicielem marki GIFTbrand jest ELOGO Przemys\u0142aw Ratajczak ul. Morelowa 9 62-020 Swarz\u0119dz NIP: 777 251 01 24\" \/>\n<meta property=\"og:url\" content=\"https:\/\/giftbrand.pl\/blog\/kontakt\/\" \/>\n<meta property=\"og:site_name\" content=\"GIFTbrand - blog o gad\u017cetach\" \/>\n<meta property=\"article:publisher\" content=\"https:\/\/www.facebook.com\/giftbrandgadzety\" \/>\n<meta property=\"article:modified_time\" content=\"2020-05-14T09:27:16+00:00\" \/>\n<meta name=\"twitter:card\" content=\"summary_large_image\" \/>\n<script type=\"application\/ld+json\" class=\"yoast-schema-graph\">{\"@context\":\"https:\/\/schema.org\",\"@graph\":[{\"@type\":\"WebSite\",\"@id\":\"https:\/\/giftbrand.pl\/blog\/#website\",\"url\":\"https:\/\/giftbrand.pl\/blog\/\",\"name\":\"GIFTbrand - blog o gad\\u017cetach\",\"description\":\"Blog o gad\\u017cetach\",\"potentialAction\":[{\"@type\":\"SearchAction\",\"target\":\"https:\/\/giftbrand.pl\/blog\/?s={search_term_string}\",\"query-input\":\"required name=search_term_string\"}],\"inLanguage\":\"pl-PL\"},{\"@type\":\"WebPage\",\"@id\":\"https:\/\/giftbrand.pl\/blog\/kontakt\/#webpage\",\"url\":\"https:\/\/giftbrand.pl\/blog\/kontakt\/\",\"name\":\"Kontakt | GIFTbrand - blog o gad\\u017cetach\",\"isPartOf\":{\"@id\":\"https:\/\/giftbrand.pl\/blog\/#website\"},\"datePublished\":\"2020-04-20T10:40:06+00:00\",\"dateModified\":\"2020-05-14T09:27:16+00:00\",\"inLanguage\":\"pl-PL\",\"potentialAction\":[{\"@type\":\"ReadAction\",\"target\":[\"https:\/\/giftbrand.pl\/blog\/kontakt\/\"]}]}]}<\/script>\n<!-- \/ Yoast SEO plugin. -->","_links":{"self":[{"href":"https:\/\/giftbrand.pl\/blog\/wp-json\/wp\/v2\/pages\/285"}],"collection":[{"href":"https:\/\/giftbrand.pl\/blog\/wp-json\/wp\/v2\/pages"}],"about":[{"href":"https:\/\/giftbrand.pl\/blog\/wp-json\/wp\/v2\/types\/page"}],"author":[{"embeddable":true,"href":"https:\/\/giftbrand.pl\/blog\/wp-json\/wp\/v2\/users\/2"}],"replies":[{"embeddable":true,"href":"https:\/\/giftbrand.pl\/blog\/wp-json\/wp\/v2\/comments?post=285"}],"version-history":[{"count":4,"href":"https:\/\/giftbrand.pl\/blog\/wp-json\/wp\/v2\/pages\/285\/revisions"}],"predecessor-version":[{"id":463,"href":"https:\/\/giftbrand.pl\/blog\/wp-json\/wp\/v2\/pages\/285\/revisions\/463"}],"wp:attachment":[{"href":"https:\/\/giftbrand.pl\/blog\/wp-json\/wp\/v2\/media?parent=285"}],"curies":[{"name":"wp","href":"https:\/\/api.w.org\/{rel}","templated":true}]}}